{"id":2445,"date":"2017-09-11T01:31:48","date_gmt":"2017-09-11T01:31:48","guid":{"rendered":"http:\/\/www.adzemin.com.tr\/?page_id=2"},"modified":"2021-07-13T16:58:47","modified_gmt":"2021-07-13T16:58:47","slug":"ana-sayfa","status":"publish","type":"page","link":"https:\/\/adzemin.com.tr\/","title":{"rendered":"ANA SAYFA"},"content":{"rendered":"<section class=\"wpb-content-wrapper\"><p>[vc_row][vc_column][rev_slider_vc alias=&#8221;home1&#8243;][\/vc_column][\/vc_row][vc_row padding_bottom=&#8221;padding_bottom_90&#8243; css=&#8221;.vc_custom_1507083687914{padding-top: 75px !important;}&#8221;][vc_column width=&#8221;1\/4&#8243; css=&#8221;.vc_custom_1507083674994{margin-bottom: 30px !important;}&#8221;][vc_custom_heading text=&#8221;Faaliyet<br \/>\nAlanlar\u0131m\u0131z&#8221; font_container=&#8221;tag:h2|font_size:35|text_align:left|line_height:0.95&#8243; use_theme_fonts=&#8221;yes&#8221; letter_spacing=&#8221;-0.02em&#8221; css=&#8221;.vc_custom_1625004570500{margin-top: 20px !important;}&#8221;][\/vc_column][vc_column width=&#8221;3\/4&#8243; css=&#8221;.vc_custom_1508395467675{margin-bottom: 25px !important;}&#8221;][cms_carousel xsmall_items=&#8221;1&#8243; small_items=&#8221;2&#8243; medium_items=&#8221;3&#8243; large_items=&#8221;3&#8243; margin=&#8221;20&#8243; dots=&#8221;false&#8221; autoplay=&#8221;false&#8221; l_icon_fontawesome=&#8221;fa fa-angle-left&#8221; r_icon_fontawesome=&#8221;fa fa-angle-right&#8221; top_overlap=&#8221;1&#8243; cms_template=&#8221;cms_carousel&#8211;services.php&#8221; source=&#8221;size:6|order_by:date|post_type:services&#8221;][\/vc_column][\/vc_row][vc_row padding_bottom=&#8221;padding_bottom_90&#8243;][vc_column width=&#8221;1\/2&#8243; css=&#8221;.vc_custom_1507084105805{margin-bottom: 30px !important;}&#8221;][vc_single_image image=&#8221;2532&#8243; img_size=&#8221;full&#8221;][\/vc_column][vc_column width=&#8221;1\/2&#8243; css=&#8221;.vc_custom_1507084111797{margin-bottom: 30px !important;}&#8221;][vc_custom_heading text=&#8221;A&amp;D Zemin M\u00fchendislik M\u00fc\u015f. \u0130n\u015f. San. Ve Tic. Ltd. \u015eti.&#8221; font_container=&#8221;tag:h2|font_size:38px|text_align:left&#8221; use_theme_fonts=&#8221;yes&#8221; letter_spacing=&#8221;-0.02em&#8221; css=&#8221;.vc_custom_1625004656892{margin-top: 20px !important;margin-bottom: 5px !important;}&#8221;][vc_custom_heading text=&#8221;Yapt\u0131\u011f\u0131m\u0131z \u0130\u015fin Kalitesi \u00d6nceli\u011fimizdir\u2026&#8221; font_container=&#8221;tag:h2|font_size:38px|text_align:left|color:%23fdb415&#8243; use_theme_fonts=&#8221;yes&#8221; letter_spacing=&#8221;-0.02em&#8221; font_weight=&#8221;300&#8243; css=&#8221;.vc_custom_1625004665644{margin-top: 0px !important;}&#8221;][vc_column_text font_size=&#8221;15px&#8221; line_height=&#8221;24px&#8221; letter_spacing=&#8221;0.03em&#8221; color=&#8221;#a6a6a6&#8243; css=&#8221;.vc_custom_1625004693648{margin-right: 90px !important;margin-bottom: 20px !important;}&#8221;]\u201cEn karma\u015f\u0131k ve b\u00fcy\u00fck \u00f6l\u00e7ekli projelerden en k\u00fc\u00e7\u00fck \u00f6l\u00e7ekli i\u015flere kadar\u2026\u201d[\/vc_column_text][vc_column_text line_height=&#8221;26px&#8221; letter_spacing=&#8221;0.03em&#8221; css=&#8221;.vc_custom_1625004711332{margin-bottom: 40px !important;}&#8221;]2021 Haziran ay\u0131nda Jeoloji M\u00fchendisi Eray Adal\u0131 ve Sondaj Operat\u00f6r\u00fc Veli D\u00fczen taraf\u0131ndan kurulan A&amp;D Zemin M\u00fchendislik M\u00fc\u015f. \u0130n\u015f. San. Ve Tic. Ltd. \u015eti. y\u0131llar\u0131n biriktirdi\u011fi tecr\u00fcbe ve i\u015f kalitesini bir araya getirerek ba\u015fta zemin et\u00fcd\u00fc sondaj\u0131 ve raporu olmak \u00fczere, jeolojik ve jeofizik ara\u015ft\u0131rmalar, su sondaj\u0131, su kuyusu ruhsat\u0131 al\u0131m\u0131 (arama-kullanma) konular\u0131nda sizlere hizmet vermektedir.<br \/>\nEn karma\u015f\u0131k ve b\u00fcy\u00fck \u00f6l\u00e7ekli projelerden en k\u00fc\u00e7\u00fck \u00f6l\u00e7ekli i\u015flere kadar t\u00fcm yap\u0131lar\u0131n g\u00fcvenle in\u015fa edilmesi i\u00e7in gereken zemin parametrelerini belirlemek ve zemini do\u011fru tan\u0131mak amac\u0131yla yapt\u0131\u011f\u0131m\u0131z i\u015fin m\u00fckemmel olmas\u0131ndan g\u00fc\u00e7 al\u0131r\u0131z ve m\u00fc\u015fterilerimizin bizden ald\u0131klar\u0131 hizmetten memnun kalmalar\u0131 i\u00e7in beklenenden fazlas\u0131n\u0131 sunar\u0131z.[\/vc_column_text][cms_button title=&#8221;Teklif Al\u0131n&#8221; add_icon=&#8221;&#8221; link=&#8221;url:%23|||&#8221;][\/vc_column][\/vc_row][vc_row full_width=&#8221;stretch_row&#8221; bg_fixed=&#8221;true&#8221; padding_top=&#8221;padding_top_120&#8243; padding_bottom=&#8221;padding_bottom_120&#8243; css=&#8221;.vc_custom_1625005767777{background-image: url(https:\/\/adzemin.com.tr\/wp-content\/uploads\/2021\/06\/13.jpeg?id=2507) !important;background-position: center !important;background-repeat: no-repeat !important;background-size: cover !important;}&#8221;][vc_column offset=&#8221;vc_col-lg-offset-3 vc_col-lg-6 vc_col-md-offset-2 vc_col-md-8&#8243;][cms_custom_heading is_dark=&#8221;1&#8243; subtitle=&#8221;&#8221;Y\u0131llar\u0131n Deneyimi ile Olu\u015fturdu\u011fumuz G\u00fcc\u00fcm\u00fcz\u00fc Sekt\u00f6re Ad\u0131yoruz\u2026&#8221;&#8221; title=&#8221;Referans Projelerimiz&#8221; css=&#8221;.vc_custom_1625005051304{margin-bottom: 0px !important;}&#8221;]\u201cEn karma\u015f\u0131k ve b\u00fcy\u00fck \u00f6l\u00e7ekli projelerden en k\u00fc\u00e7\u00fck \u00f6l\u00e7ekli i\u015flere kadar\u2026\u201d[\/cms_custom_heading][vc_empty_space height=&#8221;88px&#8221;][\/vc_column][\/vc_row][vc_row full_width=&#8221;stretch_row_content&#8221; visible_overflow=&#8221;true&#8221; css=&#8221;.vc_custom_1507085667053{padding-bottom: 30px !important;background-color: #fbfcfc !important;}&#8221;][vc_column offset=&#8221;vc_col-lg-offset-1 vc_col-lg-10&#8243;][cms_project show_patination=&#8221;&#8221; top_overlap=&#8221;1&#8243; source=&#8221;size:5|order_by:date|post_type:project&#8221; cms_template=&#8221;cms_project.php&#8221;][\/vc_column][\/vc_row][vc_row full_width=&#8221;stretch_row&#8221; padding_bottom=&#8221;padding_bottom_110&#8243; css=&#8221;.vc_custom_1507085675691{background-color: #fbfcfc !important;}&#8221;][vc_column][cms_button title=&#8221;T\u00fcm Projelerimiz&#8221; align=&#8221;center&#8221; button_block=&#8221;&#8221; add_icon=&#8221;&#8221; link=&#8221;url:%3Fpage_id%3D135|||&#8221;][\/vc_column][\/vc_row][vc_row full_width=&#8221;stretch_row&#8221; bg_fixed=&#8221;true&#8221; padding_top=&#8221;padding_top_120&#8243; padding_bottom=&#8221;padding_bottom_120&#8243; css=&#8221;.vc_custom_1625006067656{background-image: url(https:\/\/adzemin.com.tr\/wp-content\/uploads\/2021\/06\/29.jpeg?id=2523) !important;background-position: center !important;background-repeat: no-repeat !important;background-size: cover !important;}&#8221;][vc_column offset=&#8221;vc_col-lg-offset-3 vc_col-lg-6 vc_col-md-offset-2 vc_col-md-8&#8243;][cms_custom_heading is_dark=&#8221;1&#8243; subtitle=&#8221;&#8221;Y\u0131llar\u0131n Deneyimi ile Olu\u015fturdu\u011fumuz G\u00fcc\u00fcm\u00fcz\u00fc Sekt\u00f6re Ad\u0131yoruz\u2026&#8221;&#8221; title=&#8221;Jeolojik ve Jeofizik Hizmetler&#8221; css=&#8221;.vc_custom_1625006234253{margin-bottom: 0px !important;}&#8221;]\u201cZemin parametrelerini belirlemek ve zemini do\u011fru tan\u0131mlamak&#8230;\u201d[\/cms_custom_heading][vc_empty_space height=&#8221;88px&#8221;][\/vc_column][\/vc_row][vc_row padding_top=&#8221;padding_top_120&#8243; padding_bottom=&#8221;padding_bottom_120&#8243;][vc_column][vc_column_text css=&#8221;.vc_custom_1625006411664{margin-bottom: 24px !important;}&#8221;]<\/p>\n<p style=\"text-align: center;\"><mark>M\u00fc\u015fterilerimizin bizden ald\u0131klar\u0131 hizmetten memnun kalmalar\u0131 i\u00e7in beklenenden fazlas\u0131n\u0131 sunar\u0131z&#8230;<\/mark><\/p>\n<p>[\/vc_column_text][vc_column_text font_size=&#8221;35px&#8221; line_height=&#8221;40px&#8221; letter_spacing=&#8221;-0.02em&#8221;]<\/p>\n<h3 style=\"text-align: center;\"><span class=\"text-primary\">A&amp;D Zemin M\u00fchendislik M\u00fc\u015f. \u0130n\u015f. San. Ve Tic. Ltd. \u015eti.<\/span><\/h3>\n<p>[\/vc_column_text][vc_custom_heading text=&#8221;Jeolojik ve Jeofizik Hizmetler&#8221; font_container=&#8221;tag:h2|font_size:35px|text_align:center|line_height:40px&#8221; use_theme_fonts=&#8221;yes&#8221; letter_spacing=&#8221;-0.02em&#8221; font_weight=&#8221;300&#8243; css=&#8221;.vc_custom_1625006465526{margin-top: 0px !important;margin-bottom: 32px !important;}&#8221;][cms_button title=&#8221;Teklif Al\u0131n&#8221; align=&#8221;center&#8221; button_block=&#8221;&#8221; add_icon=&#8221;&#8221; link=&#8221;url:%23|||&#8221;][\/vc_column][\/vc_row][vc_row full_width=&#8221;stretch_row_content_no_spaces&#8221; css=&#8221;.vc_custom_1507198894099{background-color: #fafafa !important;}&#8221;][vc_column][\/vc_column][\/vc_row][vc_row full_width=&#8221;stretch_row&#8221; overlay_opacity=&#8221;true&#8221; bg_fixed=&#8221;true&#8221; padding_top=&#8221;padding_top_120&#8243; padding_bottom=&#8221;padding_bottom_120&#8243; css=&#8221;.vc_custom_1507249750413{background: rgba(251,251,251,0.97) url(https:\/\/adzemin.com.tr\/wp-content\/uploads\/2017\/09\/row-bg-paralax2.jpg?id=628) !important;background-position: center !important;background-repeat: no-repeat !important;background-size: cover !important;*background-color: rgb(251,251,251) !important;}&#8221;][vc_column][vc_row_inner][vc_column_inner offset=&#8221;vc_col-lg-offset-3 vc_col-lg-6 vc_col-md-offset-2 vc_col-md-8&#8243;][cms_custom_heading is_dark=&#8221;&#8221; subtitle=&#8221;Referanslar\u0131m\u0131z g\u00fcc\u00fcm\u00fczd\u00fcr&#8230;&#8221; title=&#8221;Referans M\u00fc\u015fterilerimiz&#8221;]Projelerinde bulundu\u011fumuz baz\u0131 firmalar\u0131m\u0131z&#8230;.[\/cms_custom_heading][\/vc_column_inner][\/vc_row_inner][vc_row_inner][vc_column_inner][cms_client values=&#8221;%5B%7B%22image%22%3A%222534%22%2C%22link%22%3A%22url%3A%2523%7C%7C%7C%22%7D%2C%7B%22image%22%3A%222534%22%7D%2C%7B%22image%22%3A%222534%22%7D%2C%7B%22image%22%3A%222534%22%7D%2C%7B%22image%22%3A%222534%22%7D%2C%7B%22image%22%3A%222534%22%7D%2C%7B%22image%22%3A%222534%22%7D%2C%7B%22image%22%3A%222534%22%7D%5D&#8221; col_xs=&#8221;2&#8243; col_sm=&#8221;2&#8243; col_md=&#8221;4&#8243; col_lg=&#8221;4&#8243; cms_template=&#8221;cms_client.php&#8221;][\/vc_column_inner][\/vc_row_inner][\/vc_column][\/vc_row]<\/p>\n<\/section>","protected":false},"excerpt":{"rendered":"<p>[vc_row][vc_column][rev_slider_vc alias=&#8221;home1&#8243;][\/vc_column][\/vc_row][vc_row padding_bottom=&#8221;padding_bottom_90&#8243; css=&#8221;.vc_custom_1507083687914{padding-top: 75px !important;}&#8221;][vc_column width=&#8221;1\/4&#8243; css=&#8221;.vc_custom_1507083674994{margin-bottom: 30px !important;}&#8221;][vc_custom_heading text=&#8221;Faaliyet Alanlar\u0131m\u0131z&#8221; font_container=&#8221;tag:h2|font_size:35|text_align:left|line_height:0.95&#8243; use_theme_fonts=&#8221;yes&#8221; letter_spacing=&#8221;-0.02em&#8221; css=&#8221;.vc_custom_1625004570500{margin-top: 20px !important;}&#8221;][\/vc_column][vc_column width=&#8221;3\/4&#8243; css=&#8221;.vc_custom_1508395467675{margin-bottom: 25px !important;}&#8221;][cms_carousel xsmall_items=&#8221;1&#8243; small_items=&#8221;2&#8243; medium_items=&#8221;3&#8243; large_items=&#8221;3&#8243; margin=&#8221;20&#8243; dots=&#8221;false&#8221; autoplay=&#8221;false&#8221; l_icon_fontawesome=&#8221;fa fa-angle-left&#8221; r_icon_fontawesome=&#8221;fa fa-angle-right&#8221; top_overlap=&#8221;1&#8243; cms_template=&#8221;cms_carousel&#8211;services.php&#8221; source=&#8221;size:6|order_by:date|post_type:services&#8221;][\/vc_column][\/vc_row][vc_row padding_bottom=&#8221;padding_bottom_90&#8243;][vc_column width=&#8221;1\/2&#8243; css=&#8221;.vc_custom_1507084105805{margin-bottom: 30px !important;}&#8221;][vc_single_image image=&#8221;2532&#8243; img_size=&#8221;full&#8221;][\/vc_column][vc_column width=&#8221;1\/2&#8243; css=&#8221;.vc_custom_1507084111797{margin-bottom: 30px !important;}&#8221;][vc_custom_heading text=&#8221;A&amp;D Zemin M\u00fchendislik M\u00fc\u015f. \u0130n\u015f. San. Ve Tic. Ltd. \u015eti.&#8221; font_container=&#8221;tag:h2|font_size:38px|text_align:left&#8221; use_theme_fonts=&#8221;yes&#8221; letter_spacing=&#8221;-0.02em&#8221; css=&#8221;.vc_custom_1625004656892{margin-top: 20px !important;margin-bottom: 5px !important;}&#8221;][vc_custom_heading text=&#8221;Yapt\u0131\u011f\u0131m\u0131z \u0130\u015fin Kalitesi \u00d6nceli\u011fimizdir\u2026&#8221; font_container=&#8221;tag:h2|font_size:38px|text_align:left|color:%23fdb415&#8243; use_theme_fonts=&#8221;yes&#8221; letter_spacing=&#8221;-0.02em&#8221; font_weight=&#8221;300&#8243; css=&#8221;.vc_custom_1625004665644{margin-top: 0px<\/p>\n","protected":false},"author":1,"featured_media":0,"parent":0,"menu_order":0,"comment_status":"closed","ping_status":"open","template":"","meta":{"footnotes":""},"class_list":["post-2445","page","type-page","status-publish","hentry"],"_links":{"self":[{"href":"https:\/\/adzemin.com.tr\/index.php\/wp-json\/wp\/v2\/pages\/2445","targetHints":{"allow":["GET"]}}],"collection":[{"href":"https:\/\/adzemin.com.tr\/index.php\/wp-json\/wp\/v2\/pages"}],"about":[{"href":"https:\/\/adzemin.com.tr\/index.php\/wp-json\/wp\/v2\/types\/page"}],"author":[{"embeddable":true,"href":"https:\/\/adzemin.com.tr\/index.php\/wp-json\/wp\/v2\/users\/1"}],"replies":[{"embeddable":true,"href":"https:\/\/adzemin.com.tr\/index.php\/wp-json\/wp\/v2\/comments?post=2445"}],"version-history":[{"count":9,"href":"https:\/\/adzemin.com.tr\/index.php\/wp-json\/wp\/v2\/pages\/2445\/revisions"}],"predecessor-version":[{"id":2494,"href":"https:\/\/adzemin.com.tr\/index.php\/wp-json\/wp\/v2\/pages\/2445\/revisions\/2494"}],"wp:attachment":[{"href":"https:\/\/adzemin.com.tr\/index.php\/wp-json\/wp\/v2\/media?parent=2445"}],"curies":[{"name":"wp","href":"https:\/\/api.w.org\/{rel}","templated":true}]}}