{"id":159,"date":"2017-09-11T09:54:59","date_gmt":"2017-09-11T09:54:59","guid":{"rendered":"http:\/\/www.adzemin.com.tr\/?page_id=159"},"modified":"2021-06-30T20:45:36","modified_gmt":"2021-06-30T20:45:36","slug":"iletisim","status":"publish","type":"page","link":"https:\/\/adzemin.com.tr\/index.php\/iletisim\/","title":{"rendered":"\u0130leti\u015fim"},"content":{"rendered":"<section class=\"wpb-content-wrapper\"><p>[vc_row][vc_column][cms_fancybox fancy_style=&#8221;style-0&#8243; cms_cols=&#8221;3 Columns&#8221; title1=&#8221;Telefon&#8221; title2=&#8221;E-Posta Adreslerimiz&#8221; button_link2=&#8221;&#8221; title3=&#8221;Ofisimiz&#8221; button_link3=&#8221;&#8221; show_border=&#8221;true&#8221; image1=&#8221;303&#8243; description1=&#8221;+(90) 507 429 6782<br \/>\n+(90) 536 943 1768&#8243; image2=&#8221;302&#8243; description2=&#8221;info@adzemin.com.tr<br \/>\nmuhasebe@adzemin.com.tr&#8221; image3=&#8221;304&#8243; description3=&#8221;BAH\u00c7E\u015eEH\u0130R 2. KISIM MAH. DEN\u0130Z CAD. FUNDA 03.02 A34<br \/>\nBLOK NO: 10 \u0130\u00c7 KAPI NO: 1<br \/>\nBA\u015eAK\u015eEH\u0130R\/ \u0130STANBUL&#8221;][\/vc_column][\/vc_row][vc_row css=&#8221;.vc_custom_1506046569690{padding-top: 100px !important;}&#8221;][vc_column width=&#8221;1\/3&#8243; css=&#8221;.vc_custom_1506048181849{margin-bottom: 30px !important;}&#8221;][vc_custom_heading text=&#8221;Sorunuz mu Var? Bizimle \u0130leti\u015fime Ge\u00e7in!&#8221; font_container=&#8221;tag:h4|font_size:24px|text_align:left|color:%23444444&#8243; use_theme_fonts=&#8221;yes&#8221; css=&#8221;.vc_custom_1625085069024{margin-bottom: 26px !important;}&#8221;][vc_column_text font_size=&#8221;15&#8243; line_height=&#8221;26&#8243; letter_spacing=&#8221;0.03em&#8221; color=&#8221;#555555&#8243; css=&#8221;.vc_custom_1625085060832{margin-bottom: 35px !important;padding-right: 50px !important;}&#8221;]Almak istedi\u011finiz hizmetler hakk\u0131nda daha detayl\u0131 bilgi almak i\u00e7in bizimle telefon yada e-posta arac\u0131l\u0131\u011f\u0131 ile bilgi alabilirsiniz.[\/vc_column_text][vc_column_text list_style=&#8221;list2&#8243;]<\/p>\n<ul>\n<li>ZEM\u0130N ET\u00dcD SONDAJI<\/li>\n<li>ZEM\u0130N ET\u00dcD\u00dc VER\u0130 VE GEOTEKN\u0130K RAPORU<\/li>\n<li>SU SONDAJI<\/li>\n<li>SU KUYUSU RUHSATI<\/li>\n<\/ul>\n<p>[\/vc_column_text][\/vc_column][vc_column width=&#8221;2\/3&#8243; css=&#8221;.vc_custom_1506048186933{margin-bottom: 30px !important;}&#8221;][contact-form-7 id=&#8221;315&#8243;][\/vc_column][\/vc_row]<\/p>\n<\/section>","protected":false},"excerpt":{"rendered":"<p>[vc_row][vc_column][cms_fancybox fancy_style=&#8221;style-0&#8243; cms_cols=&#8221;3 Columns&#8221; title1=&#8221;Telefon&#8221; title2=&#8221;E-Posta Adreslerimiz&#8221; button_link2=&#8221;&#8221; title3=&#8221;Ofisimiz&#8221; button_link3=&#8221;&#8221; show_border=&#8221;true&#8221; image1=&#8221;303&#8243; description1=&#8221;+(90) 507 429 6782 +(90) 536 943 1768&#8243; image2=&#8221;302&#8243; description2=&#8221;info@adzemin.com.tr muhasebe@adzemin.com.tr&#8221; image3=&#8221;304&#8243; description3=&#8221;BAH\u00c7E\u015eEH\u0130R 2. KISIM MAH. DEN\u0130Z CAD. FUNDA 03.02 A34 BLOK NO: 10 \u0130\u00c7 KAPI NO: 1 BA\u015eAK\u015eEH\u0130R\/ \u0130STANBUL&#8221;][\/vc_column][\/vc_row][vc_row css=&#8221;.vc_custom_1506046569690{padding-top: 100px !important;}&#8221;][vc_column width=&#8221;1\/3&#8243; css=&#8221;.vc_custom_1506048181849{margin-bottom: 30px !important;}&#8221;][vc_custom_heading text=&#8221;Sorunuz mu Var? Bizimle \u0130leti\u015fime Ge\u00e7in!&#8221; font_container=&#8221;tag:h4|font_size:24px|text_align:left|color:%23444444&#8243; use_theme_fonts=&#8221;yes&#8221; css=&#8221;.vc_custom_1625085069024{margin-bottom: 26px !important;}&#8221;][vc_column_text font_size=&#8221;15&#8243; line_height=&#8221;26&#8243; letter_spacing=&#8221;0.03em&#8221; color=&#8221;#555555&#8243; css=&#8221;.vc_custom_1625085060832{margin-bottom: 35px !important;padding-right: 50px !important;}&#8221;]Almak istedi\u011finiz hizmetler hakk\u0131nda daha detayl\u0131 bilgi<\/p>\n","protected":false},"author":1,"featured_media":0,"parent":0,"menu_order":0,"comment_status":"closed","ping_status":"closed","template":"","meta":{"footnotes":""},"class_list":["post-159","page","type-page","status-publish","hentry"],"_links":{"self":[{"href":"https:\/\/adzemin.com.tr\/index.php\/wp-json\/wp\/v2\/pages\/159","targetHints":{"allow":["GET"]}}],"collection":[{"href":"https:\/\/adzemin.com.tr\/index.php\/wp-json\/wp\/v2\/pages"}],"about":[{"href":"https:\/\/adzemin.com.tr\/index.php\/wp-json\/wp\/v2\/types\/page"}],"author":[{"embeddable":true,"href":"https:\/\/adzemin.com.tr\/index.php\/wp-json\/wp\/v2\/users\/1"}],"replies":[{"embeddable":true,"href":"https:\/\/adzemin.com.tr\/index.php\/wp-json\/wp\/v2\/comments?post=159"}],"version-history":[{"count":3,"href":"https:\/\/adzemin.com.tr\/index.php\/wp-json\/wp\/v2\/pages\/159\/revisions"}],"predecessor-version":[{"id":2549,"href":"https:\/\/adzemin.com.tr\/index.php\/wp-json\/wp\/v2\/pages\/159\/revisions\/2549"}],"wp:attachment":[{"href":"https:\/\/adzemin.com.tr\/index.php\/wp-json\/wp\/v2\/media?parent=159"}],"curies":[{"name":"wp","href":"https:\/\/api.w.org\/{rel}","templated":true}]}}