{"id":157,"date":"2017-09-11T09:54:46","date_gmt":"2017-09-11T09:54:46","guid":{"rendered":"http:\/\/www.adzemin.com.tr\/?page_id=157"},"modified":"2021-07-01T20:46:34","modified_gmt":"2021-07-01T20:46:34","slug":"hakkimizda","status":"publish","type":"page","link":"https:\/\/adzemin.com.tr\/index.php\/hakkimizda\/","title":{"rendered":"Hakk\u0131m\u0131zda"},"content":{"rendered":"<section class=\"wpb-content-wrapper\"><p>[vc_row css=&#8221;.vc_custom_1506668511993{padding-bottom: 84px !important;}&#8221;][vc_column width=&#8221;7\/12&#8243; css=&#8221;.vc_custom_1506674700266{margin-top: -6px !important;margin-bottom: 30px !important;}&#8221; offset=&#8221;vc_col-lg-offset-2 vc_col-lg-5 vc_col-md-offset-1 vc_col-md-6&#8243;][vc_column_text letter_spacing=&#8221;0.03em&#8221; css=&#8221;.vc_custom_1625170811378{margin-right: 20px !important;}&#8221;]<\/p>\n<p style=\"text-align: right;\">2021 Haziran ay\u0131nda Jeoloji M\u00fchendisi Eray Adal\u0131 ve Sondaj Operat\u00f6r\u00fc Veli D\u00fczen taraf\u0131ndan kurulan A&amp;D Zemin M\u00fchendislik M\u00fc\u015f. \u0130n\u015f. San. Ve Tic. Ltd. \u015eti. y\u0131llar\u0131n biriktirdi\u011fi tecr\u00fcbe ve i\u015f kalitesini bir araya getirerek ba\u015fta zemin et\u00fcd\u00fc sondaj\u0131 ve raporu olmak \u00fczere, jeolojik ve jeofizik ara\u015ft\u0131rmalar, su sondaj\u0131, su kuyusu ruhsat\u0131 al\u0131m\u0131 (arama-kullanma) konular\u0131nda sizlere hizmet vermektedir.<br \/>\nEn karma\u015f\u0131k ve b\u00fcy\u00fck \u00f6l\u00e7ekli projelerden en k\u00fc\u00e7\u00fck \u00f6l\u00e7ekli i\u015flere kadar t\u00fcm yap\u0131lar\u0131n g\u00fcvenle in\u015fa edilmesi i\u00e7in gereken zemin parametrelerini belirlemek ve zemini do\u011fru tan\u0131mak amac\u0131yla yapt\u0131\u011f\u0131m\u0131z i\u015fin m\u00fckemmel olmas\u0131ndan g\u00fc\u00e7 al\u0131r\u0131z ve m\u00fc\u015fterilerimizin bizden ald\u0131klar\u0131 hizmetten memnun kalmalar\u0131 i\u00e7in beklenenden fazlas\u0131n\u0131 sunar\u0131z.<\/p>\n<p>[\/vc_column_text][\/vc_column][vc_column width=&#8221;5\/12&#8243; css=&#8221;.vc_custom_1506673913505{margin-bottom: 30px !important;}&#8221;][vc_custom_heading text=&#8221;A&amp;D&#8221; font_container=&#8221;tag:h2|font_size:54px|text_align:left|line_height:0.83&#8243; use_theme_fonts=&#8221;yes&#8221; css=&#8221;.vc_custom_1625170838749{margin-top: 0px !important;margin-bottom: 0px !important;}&#8221;][vc_custom_heading text=&#8221;Zemin M\u00fchendislik&#8221; font_container=&#8221;tag:h2|font_size:54px|text_align:left|color:%23fbb415|line_height:0.83&#8243; use_theme_fonts=&#8221;yes&#8221; css=&#8221;.vc_custom_1625170847452{margin-top: 0px !important;margin-bottom: 0px !important;}&#8221;][vc_custom_heading text=&#8221;M\u00fc\u015f. \u0130n\u015f. San. Ve Tic. Ltd. \u015eti.&#8221; font_container=&#8221;tag:h2|font_size:54px|text_align:left|line_height:0.83&#8243; use_theme_fonts=&#8221;yes&#8221; css=&#8221;.vc_custom_1625170853646{margin-top: 0px !important;margin-bottom: 0px !important;}&#8221;][\/vc_column][\/vc_row][vc_row full_width=&#8221;stretch_row&#8221; overlay_opacity=&#8221;true&#8221; bg_fixed=&#8221;true&#8221; css=&#8221;.vc_custom_1506675206390{padding-top: 110px !important;padding-bottom: 80px !important;background: rgba(252,252,252,0.97) url(https:\/\/adzemin.com.tr\/wp-content\/uploads\/2017\/09\/about-row-bg.jpg?id=484) !important;background-position: center !important;background-repeat: no-repeat !important;background-size: cover !important;*background-color: rgb(252,252,252) !important;}&#8221;][vc_column width=&#8221;1\/3&#8243; css=&#8221;.vc_custom_1506673329944{margin-bottom: 30px !important;}&#8221;][vc_custom_heading text=&#8221;Hizmetlerimiz&#8221; font_container=&#8221;tag:h2|text_align:left|line_height:1&#8243; use_theme_fonts=&#8221;yes&#8221;][vc_column_text line_height=&#8221;26px&#8221; letter_spacing=&#8221;0.03em&#8221; css=&#8221;.vc_custom_1625170928155{margin-right: 10px !important;margin-bottom: 33px !important;}&#8221;]Almak istedi\u011finiz hizmetler hakk\u0131nda daha detayl\u0131 bilgi almak i\u00e7in bizimle telefon yada e-posta arac\u0131l\u0131\u011f\u0131 ile bilgi alabilirsiniz.[\/vc_column_text][\/vc_column][vc_column width=&#8221;1\/3&#8243; css=&#8221;.vc_custom_1506675131880{margin-bottom: 30px !important;padding-top: 10px !important;}&#8221;][cms_fancybox_single fancy_style=&#8221;style-1&#8243; animation_effect=&#8221;wow fadeIn&#8221; data_wow_duration=&#8221;2s&#8221; data_wow_delay=&#8221;0.2s&#8221; icon_type=&#8221;flaticon&#8221; title_item=&#8221;ZEM\u0130N ET\u00dcD SONDAJI&#8221; icon_flaticon=&#8221;flaticon-school&#8221; description_item=&#8221;Sekt\u00f6rdeki deneyimlerimize dayanarak size en sa\u011fl\u0131kl\u0131 zemin et\u00fct sondaj\u0131 hizmetini vermeye devam ediyoruz&#8230;&#8221; css=&#8221;.vc_custom_1625171058727{margin-bottom: 60px !important;}&#8221;][cms_fancybox_single fancy_style=&#8221;style-1&#8243; animation_effect=&#8221;wow fadeIn&#8221; data_wow_duration=&#8221;2s&#8221; data_wow_delay=&#8221;0.2s&#8221; icon_type=&#8221;flaticon&#8221; title_item=&#8221;SU SONDAJI&#8221; icon_flaticon=&#8221;flaticon-pick&#8221; icon_right=&#8221;true&#8221; description_item=&#8221;Jeofizik ve Jeolojik g\u00f6zlem ve y\u00f6ntemlere dayanarak bilimsel bir \u015fekilde yap\u0131lan et\u00fctler sonucunda su kuyusu konusunda memnun kalaca\u011f\u0131n\u0131z sonu\u00e7lar ile hizmet vermekteyiz&#8230;&#8221;][\/vc_column][vc_column width=&#8221;1\/3&#8243; css=&#8221;.vc_custom_1506675138965{margin-bottom: 30px !important;padding-top: 10px !important;}&#8221;][cms_fancybox_single fancy_style=&#8221;style-1&#8243; animation_effect=&#8221;wow fadeIn&#8221; data_wow_duration=&#8221;4s&#8221; data_wow_delay=&#8221;0.2s&#8221; icon_type=&#8221;flaticon&#8221; title_item=&#8221;ZEM\u0130N ET\u00dcD\u00dc VER\u0130 VE GEOTEKN\u0130K RAPORU&#8221; icon_flaticon=&#8221;flaticon-oriental&#8221; description_item=&#8221;Zemin et\u00fcd\u00fcne dayal\u0131 veri ve geoteknik raporu i\u00e7in teknik ve bilimsel y\u00f6ntemlerden faydalanarak g\u00fcncel ve standartlara uygun raporlarla g\u00fcvenilir raporlar olu\u015fturmaktay\u0131z&#8230;&#8221; css=&#8221;.vc_custom_1625171120753{margin-bottom: 60px !important;}&#8221;][cms_fancybox_single fancy_style=&#8221;style-1&#8243; animation_effect=&#8221;wow fadeIn&#8221; data_wow_duration=&#8221;4s&#8221; data_wow_delay=&#8221;0.2s&#8221; icon_type=&#8221;flaticon&#8221; title_item=&#8221;SU KUYUSU RUHSATI&#8221; icon_flaticon=&#8221;flaticon-construction-1&#8243; icon_right=&#8221;true&#8221; description_item=&#8221;Standartlar, yasalar ve t\u00fcz\u00fckler \u0131\u015f\u0131\u011f\u0131ndan su kuyusu ruhsat\u0131 hizmeti vermeye devam ediyoruz&#8230;&#8221;][\/vc_column][\/vc_row][vc_row css=&#8221;.vc_custom_1506570761450{padding-top: 120px !important;}&#8221;][vc_column offset=&#8221;vc_col-lg-offset-3 vc_col-lg-6 vc_col-md-offset-2 vc_col-md-8&#8243;][cms_custom_heading is_dark=&#8221;1&#8243; subtitle=&#8221;Sekt\u00f6rde elde etti\u011fimiz deneyimlerimizi hizmetinize sunuyoruz&#8230;&#8221; title=&#8221;A&amp;D Zemin M\u00fchendislik M\u00fc\u015f. \u0130n\u015f. San. Ve Tic. Ltd. \u015eti.&#8221; css=&#8221;.vc_custom_1625171687606{background-color: #dd9933 !important;border-radius: 10px !important;}&#8221;]\u201cEn karma\u015f\u0131k ve b\u00fcy\u00fck \u00f6l\u00e7ekli projelerden en k\u00fc\u00e7\u00fck \u00f6l\u00e7ekli i\u015flere kadar\u2026\u201d[\/cms_custom_heading][\/vc_column][\/vc_row][vc_row css=&#8221;.vc_custom_1506679873780{padding-bottom: 130px !important;}&#8221;][vc_column offset=&#8221;vc_col-lg-offset-2 vc_col-lg-8 vc_col-md-offset-1 vc_col-md-10&#8243;][cms_period options=&#8221;%5B%7B%22item_title%22%3A%222021%22%7D%2C%7B%22item_title%22%3A%22Haziran%20-%20Kurulu%C5%9F%22%7D%5D&#8221; title=&#8221;2021 -&#8221; subtitle=&#8221;A&amp;D Zemin M\u00fchendislik M\u00fc\u015f. \u0130n\u015f. San. Ve Tic. Ltd. \u015eti.&#8221;]Kurulu\u015fumuz&#8230;[\/cms_period][\/vc_column][\/vc_row][vc_row full_width=&#8221;stretch_row&#8221; css=&#8221;.vc_custom_1506570550024{padding-top: 120px !important;padding-bottom: 80px !important;background-image: url(https:\/\/adzemin.com.tr\/wp-content\/uploads\/2017\/09\/contact-form3-bg.jpg?id=446) !important;background-position: center !important;background-repeat: no-repeat !important;background-size: cover !important;}&#8221;][vc_column width=&#8221;5\/12&#8243; css=&#8221;.vc_custom_1506570316046{margin-bottom: 30px !important;}&#8221;][vc_raw_html css=&#8221;.vc_custom_1625172391858{margin-top: 30px !important;margin-bottom: 27px !important;}&#8221;]JTNDaDQlMjBzdHlsZSUzRCUyMmNvbG9yJTNBJTIwJTIzZmZmJTNCJTIwZm9udC1zaXplJTNBMjRweCUzQiUyMiUzRVNvcnVudXolMjBtdSUyMHZhciUzRi4lM0NzcGFuJTIwY2xhc3MlM0QlMjJsYmwlMjIlM0UlMjBIaXptZXRsZXJpbWl6JTIwaGFrayVDNCVCMW5kYSUyMGRldGF5bCVDNCVCMSUyMGJpbGdpeWUlMjBtaSUyMGlodGl5YWMlQzQlQjFuJUM0JUIxeiUyMHZhciUzRiUzRiUzQyUyRnNwYW4lM0UlM0MlMkZoNCUzRQ==[\/vc_raw_html][vc_column_text font_size=&#8221;15px&#8221; line_height=&#8221;26px&#8221; letter_spacing=&#8221;0.03em&#8221; color=&#8221;#dddddd&#8221; css=&#8221;.vc_custom_1625172302510{margin-right: 70px !important;}&#8221;]Ofisimizle ileti\u015fime ge\u00e7ebilirsiniz&#8230;[\/vc_column_text][\/vc_column][vc_column width=&#8221;7\/12&#8243; css=&#8221;.vc_custom_1506496108964{margin-bottom: 30px !important;}&#8221;][contact-form-7 id=&#8221;447&#8243;][\/vc_column][\/vc_row][vc_row css=&#8221;.vc_custom_1506911638448{padding-top: 80px !important;padding-bottom: 80px !important;}&#8221;][vc_column][cms_client_carousel values=&#8221;%5B%7B%22image%22%3A%22451%22%7D%2C%7B%22image%22%3A%22452%22%7D%2C%7B%22image%22%3A%22453%22%7D%2C%7B%22image%22%3A%22454%22%7D%2C%7B%22image%22%3A%22458%22%7D%2C%7B%22image%22%3A%22455%22%7D%2C%7B%22image%22%3A%22456%22%7D%2C%7B%22image%22%3A%22457%22%7D%5D&#8221; xsmall_items=&#8221;2&#8243; small_items=&#8221;3&#8243; medium_items=&#8221;4&#8243; large_items=&#8221;5&#8243; margin=&#8221;50&#8243; dots=&#8221;false&#8221; autoplay=&#8221;false&#8221; cms_template=&#8221;cms_client_carousel.php&#8221;][\/vc_column][\/vc_row]<\/p>\n<\/section>","protected":false},"excerpt":{"rendered":"<p>[vc_row css=&#8221;.vc_custom_1506668511993{padding-bottom: 84px !important;}&#8221;][vc_column width=&#8221;7\/12&#8243; css=&#8221;.vc_custom_1506674700266{margin-top: -6px !important;margin-bottom: 30px !important;}&#8221; offset=&#8221;vc_col-lg-offset-2 vc_col-lg-5 vc_col-md-offset-1 vc_col-md-6&#8243;][vc_column_text letter_spacing=&#8221;0.03em&#8221; css=&#8221;.vc_custom_1625170811378{margin-right: 20px !important;}&#8221;] 2021 Haziran ay\u0131nda Jeoloji M\u00fchendisi Eray Adal\u0131 ve Sondaj Operat\u00f6r\u00fc Veli D\u00fczen taraf\u0131ndan kurulan A&amp;D Zemin M\u00fchendislik M\u00fc\u015f. \u0130n\u015f. San. Ve Tic. Ltd. \u015eti. y\u0131llar\u0131n biriktirdi\u011fi tecr\u00fcbe ve i\u015f kalitesini bir araya getirerek ba\u015fta zemin et\u00fcd\u00fc sondaj\u0131 ve raporu olmak \u00fczere, jeolojik ve jeofizik ara\u015ft\u0131rmalar, su sondaj\u0131, su kuyusu ruhsat\u0131 al\u0131m\u0131 (arama-kullanma) konular\u0131nda sizlere hizmet vermektedir. En<\/p>\n","protected":false},"author":1,"featured_media":0,"parent":0,"menu_order":0,"comment_status":"closed","ping_status":"closed","template":"","meta":{"footnotes":""},"class_list":["post-157","page","type-page","status-publish","hentry"],"_links":{"self":[{"href":"https:\/\/adzemin.com.tr\/index.php\/wp-json\/wp\/v2\/pages\/157","targetHints":{"allow":["GET"]}}],"collection":[{"href":"https:\/\/adzemin.com.tr\/index.php\/wp-json\/wp\/v2\/pages"}],"about":[{"href":"https:\/\/adzemin.com.tr\/index.php\/wp-json\/wp\/v2\/types\/page"}],"author":[{"embeddable":true,"href":"https:\/\/adzemin.com.tr\/index.php\/wp-json\/wp\/v2\/users\/1"}],"replies":[{"embeddable":true,"href":"https:\/\/adzemin.com.tr\/index.php\/wp-json\/wp\/v2\/comments?post=157"}],"version-history":[{"count":7,"href":"https:\/\/adzemin.com.tr\/index.php\/wp-json\/wp\/v2\/pages\/157\/revisions"}],"predecessor-version":[{"id":2552,"href":"https:\/\/adzemin.com.tr\/index.php\/wp-json\/wp\/v2\/pages\/157\/revisions\/2552"}],"wp:attachment":[{"href":"https:\/\/adzemin.com.tr\/index.php\/wp-json\/wp\/v2\/media?parent=157"}],"curies":[{"name":"wp","href":"https:\/\/api.w.org\/{rel}","templated":true}]}}